{"id":216,"date":"2018-03-14T22:00:11","date_gmt":"2018-03-14T21:00:11","guid":{"rendered":"http:\/\/appartements-les-gets.fr\/?page_id=216"},"modified":"2020-11-01T09:32:28","modified_gmt":"2020-11-01T08:32:28","slug":"appartement-3","status":"publish","type":"page","link":"http:\/\/location-les-gets.fr\/index.php\/appartement-3\/","title":{"rendered":"Appartement N\u00b0 3 Non disponible actuellement"},"content":{"rendered":"\t\t<div data-elementor-type=\"wp-page\" data-elementor-id=\"216\" class=\"elementor elementor-216\">\n\t\t\t\t\t\t<div class=\"elementor-inner\">\n\t\t\t\t<div class=\"elementor-section-wrap\">\n\t\t\t\t\t\t\t\t\t<section class=\"elementor-section elementor-top-section elementor-element elementor-element-afd05ff elementor-section-boxed elementor-section-height-default elementor-section-height-default\" data-id=\"afd05ff\" data-element_type=\"section\">\n\t\t\t\t\t\t<div class=\"elementor-container elementor-column-gap-default\">\n\t\t\t\t\t\t\t<div class=\"elementor-row\">\n\t\t\t\t\t<div class=\"elementor-column elementor-col-100 elementor-top-column elementor-element elementor-element-8e6c402\" data-id=\"8e6c402\" data-element_type=\"column\">\n\t\t\t<div class=\"elementor-column-wrap elementor-element-populated\">\n\t\t\t\t\t\t\t<div class=\"elementor-widget-wrap\">\n\t\t\t\t\t\t<div class=\"elementor-element elementor-element-e6e690a elementor-widget elementor-widget-heading\" data-id=\"e6e690a\" data-element_type=\"widget\" data-widget_type=\"heading.default\">\n\t\t\t\t<div class=\"elementor-widget-container\">\n\t\t\t<h2 class=\"elementor-heading-title elementor-size-default\">CHALET LES 4 SAISONS - APPARTEMENT N\u00b03 Non disponible actuellement<\/h2>\t\t<\/div>\n\t\t\t\t<\/div>\n\t\t\t\t\t\t<\/div>\n\t\t\t\t\t<\/div>\n\t\t<\/div>\n\t\t\t\t\t\t\t\t<\/div>\n\t\t\t\t\t<\/div>\n\t\t<\/section>\n\t\t\t\t<section class=\"elementor-section elementor-top-section elementor-element elementor-element-067feb9 elementor-section-boxed elementor-section-height-default elementor-section-height-default\" data-id=\"067feb9\" data-element_type=\"section\">\n\t\t\t\t\t\t<div class=\"elementor-container elementor-column-gap-default\">\n\t\t\t\t\t\t\t<div class=\"elementor-row\">\n\t\t\t\t\t<div class=\"elementor-column elementor-col-100 elementor-top-column elementor-element elementor-element-d978023\" data-id=\"d978023\" data-element_type=\"column\">\n\t\t\t<div class=\"elementor-column-wrap elementor-element-populated\">\n\t\t\t\t\t\t\t<div class=\"elementor-widget-wrap\">\n\t\t\t\t\t\t<div class=\"elementor-element elementor-element-4a3da90 elementor-widget elementor-widget-text-editor\" data-id=\"4a3da90\" data-element_type=\"widget\" data-widget_type=\"text-editor.default\">\n\t\t\t\t<div class=\"elementor-widget-container\">\n\t\t\t\t\t\t\t\t<div class=\"elementor-text-editor elementor-clearfix\">\n\t\t\t\t<h2 style=\"font-variant-ligatures: normal; font-variant-caps: normal; font-family: Roboto, sans-serif; font-style: normal;\"><span style=\"font-size: 14px;\">LOCATION LES GETS : Appartement N\u00b0 3\u00a0 \u00a030 m2\u00a0 pour 3-4 personnes orientation Sud Est<\/span><\/h2><h1 style=\"font-variant-ligatures: normal; font-variant-caps: normal; font-family: Roboto, sans-serif; font-style: normal;\"><span style=\"font-size: 14px;\">Il se trouve au 2e \u00e9tage et comprend :<\/span><\/h1><ul style=\"font-variant-ligatures: normal; font-variant-caps: normal; font-family: Roboto, sans-serif; font-size: 14px; font-style: normal; font-weight: 400;\"><li style=\"font-size: 14px;\"><span style=\"font-size: 14px; font-weight: bold;\">Une cuisine enti\u00e8rement \u00e9quip\u00e9e (lave-vaisselle, four, four \u00e0 micro-ondes, r\u00e9frig\u00e9rateur..)<\/span><\/li><li style=\"font-size: 14px;\"><span style=\"font-size: 14px; font-weight: bold;\">Une chambre avec une banquette BZ pour 2 personnes (NEUVE et TRES confortable-160cm x 200cm) et 2 lits superpos\u00e9s<\/span><\/li><li style=\"font-size: 14px;\"><span style=\"font-size: 14px;\"><span style=\"font-size: 14px; font-weight: bold;\">Une salle de bains avec WC<\/span><\/span><\/li><li style=\"font-size: 14px;\"><span style=\"font-size: 14px;\"><span style=\"font-size: 14px; font-weight: bold;\">Un grand balcon<\/span><\/span><\/li><li style=\"font-size: 14px;\"><span style=\"font-size: 14px; font-weight: bold;\">Une t\u00e9l\u00e9vision<\/span><\/li><li style=\"font-size: 14px;\"><span style=\"font-size: 14px; font-weight: bold;\">Au sous-sol, un casier \u00e0 skis et un local commun avec un lave-linge et un s\u00e8che-linge<\/span><\/li><\/ul>\t\t\t\t\t<\/div>\n\t\t\t\t\t\t<\/div>\n\t\t\t\t<\/div>\n\t\t\t\t\t\t<\/div>\n\t\t\t\t\t<\/div>\n\t\t<\/div>\n\t\t\t\t\t\t\t\t<\/div>\n\t\t\t\t\t<\/div>\n\t\t<\/section>\n\t\t\t\t<section class=\"elementor-section elementor-top-section elementor-element elementor-element-3068cbd elementor-section-boxed elementor-section-height-default elementor-section-height-default\" data-id=\"3068cbd\" data-element_type=\"section\">\n\t\t\t\t\t\t<div class=\"elementor-container elementor-column-gap-default\">\n\t\t\t\t\t\t\t<div class=\"elementor-row\">\n\t\t\t\t\t<div class=\"elementor-column elementor-col-100 elementor-top-column elementor-element elementor-element-21c41a2\" data-id=\"21c41a2\" data-element_type=\"column\">\n\t\t\t<div class=\"elementor-column-wrap elementor-element-populated\">\n\t\t\t\t\t\t\t<div class=\"elementor-widget-wrap\">\n\t\t\t\t\t\t<div class=\"elementor-element elementor-element-8e10062 elementor-tabs-view-horizontal elementor-widget elementor-widget-tabs\" data-id=\"8e10062\" data-element_type=\"widget\" data-widget_type=\"tabs.default\">\n\t\t\t\t<div class=\"elementor-widget-container\">\n\t\t\t\t\t<div class=\"elementor-tabs\">\n\t\t\t<div class=\"elementor-tabs-wrapper\" role=\"tablist\" >\n\t\t\t\t\t\t\t\t\t<div id=\"elementor-tab-title-1481\" class=\"elementor-tab-title elementor-tab-desktop-title\" aria-selected=\"true\" data-tab=\"1\" role=\"tab\" tabindex=\"0\" aria-controls=\"elementor-tab-content-1481\" aria-expanded=\"false\"><a href=\"\">Photos<\/a><\/div>\n\t\t\t\t\t\t\t\t\t<div id=\"elementor-tab-title-1482\" class=\"elementor-tab-title elementor-tab-desktop-title\" aria-selected=\"false\" data-tab=\"2\" role=\"tab\" tabindex=\"-1\" aria-controls=\"elementor-tab-content-1482\" aria-expanded=\"false\"><a href=\"\">Planning Hiver<\/a><\/div>\n\t\t\t\t\t\t\t\t\t<div id=\"elementor-tab-title-1483\" class=\"elementor-tab-title elementor-tab-desktop-title\" aria-selected=\"false\" data-tab=\"3\" role=\"tab\" tabindex=\"-1\" aria-controls=\"elementor-tab-content-1483\" aria-expanded=\"false\"><a href=\"\">Planning \u00e9t\u00e9<\/a><\/div>\n\t\t\t\t\t\t\t\t\t<div id=\"elementor-tab-title-1484\" class=\"elementor-tab-title elementor-tab-desktop-title\" aria-selected=\"false\" data-tab=\"4\" role=\"tab\" tabindex=\"-1\" aria-controls=\"elementor-tab-content-1484\" aria-expanded=\"false\"><a href=\"\">Contact<\/a><\/div>\n\t\t\t\t\t\t\t<\/div>\n\t\t\t<div class=\"elementor-tabs-content-wrapper\" role=\"tablist\" aria-orientation=\"vertical\">\n\t\t\t\t\t\t\t\t\t<div class=\"elementor-tab-title elementor-tab-mobile-title\" aria-selected=\"true\" data-tab=\"1\" role=\"tab\" tabindex=\"0\" aria-controls=\"elementor-tab-content-1481\" aria-expanded=\"false\">Photos<\/div>\n\t\t\t\t\t<div id=\"elementor-tab-content-1481\" class=\"elementor-tab-content elementor-clearfix\" data-tab=\"1\" role=\"tabpanel\" aria-labelledby=\"elementor-tab-title-1481\" tabindex=\"0\" hidden=\"false\"><p><div id='gallery-1' class='gallery galleryid-216 gallery-columns-6 gallery-size-thumbnail'><figure class='gallery-item'>\n\t\t\t<div class='gallery-icon landscape'>\n\t\t\t\t<a href='http:\/\/location-les-gets.fr\/wp-content\/uploads\/2018\/03\/3-cuisine2.jpg'><img width=\"150\" height=\"150\" src=\"http:\/\/location-les-gets.fr\/wp-content\/uploads\/2018\/03\/3-cuisine2-150x150.jpg\" class=\"attachment-thumbnail size-thumbnail\" alt=\"\" loading=\"lazy\" \/><\/a>\n\t\t\t<\/div><\/figure><figure class='gallery-item'>\n\t\t\t<div class='gallery-icon landscape'>\n\t\t\t\t<a href='http:\/\/location-les-gets.fr\/wp-content\/uploads\/2018\/03\/3-cuisine.jpg'><img width=\"150\" height=\"150\" src=\"http:\/\/location-les-gets.fr\/wp-content\/uploads\/2018\/03\/3-cuisine-150x150.jpg\" class=\"attachment-thumbnail size-thumbnail\" alt=\"\" loading=\"lazy\" \/><\/a>\n\t\t\t<\/div><\/figure><figure class='gallery-item'>\n\t\t\t<div class='gallery-icon landscape'>\n\t\t\t\t<a href='http:\/\/location-les-gets.fr\/wp-content\/uploads\/2018\/03\/3-chambre3.jpg'><img width=\"150\" height=\"150\" src=\"http:\/\/location-les-gets.fr\/wp-content\/uploads\/2018\/03\/3-chambre3-150x150.jpg\" class=\"attachment-thumbnail size-thumbnail\" alt=\"\" loading=\"lazy\" \/><\/a>\n\t\t\t<\/div><\/figure><figure class='gallery-item'>\n\t\t\t<div class='gallery-icon landscape'>\n\t\t\t\t<a href='http:\/\/location-les-gets.fr\/wp-content\/uploads\/2018\/03\/3-chambre2.jpg'><img width=\"150\" height=\"150\" src=\"http:\/\/location-les-gets.fr\/wp-content\/uploads\/2018\/03\/3-chambre2-150x150.jpg\" class=\"attachment-thumbnail size-thumbnail\" alt=\"\" loading=\"lazy\" \/><\/a>\n\t\t\t<\/div><\/figure><figure class='gallery-item'>\n\t\t\t<div class='gallery-icon landscape'>\n\t\t\t\t<a href='http:\/\/location-les-gets.fr\/wp-content\/uploads\/2018\/03\/3-chambre.jpg'><img width=\"150\" height=\"150\" src=\"http:\/\/location-les-gets.fr\/wp-content\/uploads\/2018\/03\/3-chambre-150x150.jpg\" class=\"attachment-thumbnail size-thumbnail\" alt=\"\" loading=\"lazy\" \/><\/a>\n\t\t\t<\/div><\/figure><figure class='gallery-item'>\n\t\t\t<div class='gallery-icon landscape'>\n\t\t\t\t<a href='http:\/\/location-les-gets.fr\/wp-content\/uploads\/2018\/03\/3-salle-de-bains.jpg'><img width=\"150\" height=\"150\" src=\"http:\/\/location-les-gets.fr\/wp-content\/uploads\/2018\/03\/3-salle-de-bains-150x150.jpg\" class=\"attachment-thumbnail size-thumbnail\" alt=\"\" loading=\"lazy\" \/><\/a>\n\t\t\t<\/div><\/figure>\n\t\t<\/div>\n<\/p><\/div>\n\t\t\t\t\t\t\t\t\t<div class=\"elementor-tab-title elementor-tab-mobile-title\" aria-selected=\"false\" data-tab=\"2\" role=\"tab\" tabindex=\"-1\" aria-controls=\"elementor-tab-content-1482\" aria-expanded=\"false\">Planning Hiver<\/div>\n\t\t\t\t\t<div id=\"elementor-tab-content-1482\" class=\"elementor-tab-content elementor-clearfix\" data-tab=\"2\" role=\"tabpanel\" aria-labelledby=\"elementor-tab-title-1482\" tabindex=\"0\" hidden=\"hidden\"><p><span style=\"font-family: Roboto, sans-serif; font-size: 14px; font-style: normal; font-variant-ligatures: normal; font-variant-caps: normal; font-weight: 400;\">\n<table id=\"tablepress-6\" class=\"tablepress tablepress-id-6\">\n<thead>\n<tr class=\"row-1 odd\">\n\t<th class=\"column-1\">P\u00e9riode    <\/th><th class=\"column-2\">Tarif <\/th><th class=\"column-3\">Vide = Libre <br \/>\nR   = R\u00e9serv\u00e9 <br \/>\n<\/th>\n<\/tr>\n<\/thead>\n<tbody class=\"row-hover\">\n<tr class=\"row-2 even\">\n\t<td class=\"column-1\"><\/td><td class=\"column-2\"><\/td><td class=\"column-3\"><\/td>\n<\/tr>\n<tr class=\"row-3 odd\">\n\t<td class=\"column-1\"><\/td><td class=\"column-2\"><\/td><td class=\"column-3\"><\/td>\n<\/tr>\n<tr class=\"row-4 even\">\n\t<td class=\"column-1\">\t<\/td><td class=\"column-2\"><\/td><td class=\"column-3\"><\/td>\n<\/tr>\n<tr class=\"row-5 odd\">\n\t<td class=\"column-1\">\t<\/td><td class=\"column-2\"><\/td><td class=\"column-3\"><\/td>\n<\/tr>\n<tr class=\"row-6 even\">\n\t<td class=\"column-1\"><\/td><td class=\"column-2\"><\/td><td class=\"column-3\"><\/td>\n<\/tr>\n<tr class=\"row-7 odd\">\n\t<td class=\"column-1\"><\/td><td class=\"column-2\"><\/td><td class=\"column-3\"><\/td>\n<\/tr>\n<tr class=\"row-8 even\">\n\t<td class=\"column-1\"><\/td><td class=\"column-2\"><\/td><td class=\"column-3\"><\/td>\n<\/tr>\n<tr class=\"row-9 odd\">\n\t<td class=\"column-1\"><\/td><td class=\"column-2\"><\/td><td class=\"column-3\"><\/td>\n<\/tr>\n<tr class=\"row-10 even\">\n\t<td class=\"column-1\">\t<\/td><td class=\"column-2\"><\/td><td class=\"column-3\">R<\/td>\n<\/tr>\n<tr class=\"row-11 odd\">\n\t<td class=\"column-1\"><\/td><td class=\"column-2\"><\/td><td class=\"column-3\">R<\/td>\n<\/tr>\n<tr class=\"row-12 even\">\n\t<td class=\"column-1\"><\/td><td class=\"column-2\"><\/td><td class=\"column-3\">R<\/td>\n<\/tr>\n<tr class=\"row-13 odd\">\n\t<td class=\"column-1\"><\/td><td class=\"column-2\"><\/td><td class=\"column-3\">R<\/td>\n<\/tr>\n<tr class=\"row-14 even\">\n\t<td class=\"column-1\"><\/td><td class=\"column-2\"><\/td><td class=\"column-3\">R<\/td>\n<\/tr>\n<tr class=\"row-15 odd\">\n\t<td class=\"column-1\"><\/td><td class=\"column-2\"><\/td><td class=\"column-3\"><\/td>\n<\/tr>\n<tr class=\"row-16 even\">\n\t<td class=\"column-1\"><\/td><td class=\"column-2\"><\/td><td class=\"column-3\"><\/td>\n<\/tr>\n<tr class=\"row-17 odd\">\n\t<td class=\"column-1\">\t<\/td><td class=\"column-2\"><\/td><td class=\"column-3\"><\/td>\n<\/tr>\n<\/tbody>\n<\/table>\n<!-- #tablepress-6 from cache --><\/span><\/p><\/div>\n\t\t\t\t\t\t\t\t\t<div class=\"elementor-tab-title elementor-tab-mobile-title\" aria-selected=\"false\" data-tab=\"3\" role=\"tab\" tabindex=\"-1\" aria-controls=\"elementor-tab-content-1483\" aria-expanded=\"false\">Planning \u00e9t\u00e9<\/div>\n\t\t\t\t\t<div id=\"elementor-tab-content-1483\" class=\"elementor-tab-content elementor-clearfix\" data-tab=\"3\" role=\"tabpanel\" aria-labelledby=\"elementor-tab-title-1483\" tabindex=\"0\" hidden=\"hidden\"><p>\n<table id=\"tablepress-5\" class=\"tablepress tablepress-id-5\">\n<thead>\n<tr class=\"row-1 odd\">\n\t<th class=\"column-1\">P\u00e9riode    <\/th><th class=\"column-2\">Tarif <\/th><th class=\"column-3\">Vide = Libre <br \/>\nR   = R\u00e9serv\u00e9 <br \/>\n<\/th>\n<\/tr>\n<\/thead>\n<tbody class=\"row-hover\">\n<tr class=\"row-2 even\">\n\t<td class=\"column-1\"><\/td><td class=\"column-2\"><\/td><td class=\"column-3\"><\/td>\n<\/tr>\n<tr class=\"row-3 odd\">\n\t<td class=\"column-1\"><\/td><td class=\"column-2\"><\/td><td class=\"column-3\"><\/td>\n<\/tr>\n<tr class=\"row-4 even\">\n\t<td class=\"column-1\"><\/td><td class=\"column-2\"><\/td><td class=\"column-3\"><\/td>\n<\/tr>\n<tr class=\"row-5 odd\">\n\t<td class=\"column-1\"><\/td><td class=\"column-2\"><\/td><td class=\"column-3\"><\/td>\n<\/tr>\n<tr class=\"row-6 even\">\n\t<td class=\"column-1\"><\/td><td class=\"column-2\"><\/td><td class=\"column-3\"><\/td>\n<\/tr>\n<tr class=\"row-7 odd\">\n\t<td class=\"column-1\"><\/td><td class=\"column-2\"><\/td><td class=\"column-3\"><\/td>\n<\/tr>\n<tr class=\"row-8 even\">\n\t<td class=\"column-1\"><\/td><td class=\"column-2\"><\/td><td class=\"column-3\"><\/td>\n<\/tr>\n<tr class=\"row-9 odd\">\n\t<td class=\"column-1\"><\/td><td class=\"column-2\"><\/td><td class=\"column-3\"><\/td>\n<\/tr>\n<tr class=\"row-10 even\">\n\t<td class=\"column-1\"><\/td><td class=\"column-2\"><\/td><td class=\"column-3\"><\/td>\n<\/tr>\n<tr class=\"row-11 odd\">\n\t<td class=\"column-1\"><\/td><td class=\"column-2\"><\/td><td class=\"column-3\"><\/td>\n<\/tr>\n<tr class=\"row-12 even\">\n\t<td class=\"column-1\"><\/td><td class=\"column-2\"><\/td><td class=\"column-3\"><\/td>\n<\/tr>\n<tr class=\"row-13 odd\">\n\t<td class=\"column-1\"><\/td><td class=\"column-2\"><\/td><td class=\"column-3\"><\/td>\n<\/tr>\n<tr class=\"row-14 even\">\n\t<td class=\"column-1\"><\/td><td class=\"column-2\"><\/td><td class=\"column-3\"><\/td>\n<\/tr>\n<tr class=\"row-15 odd\">\n\t<td class=\"column-1\"><\/td><td class=\"column-2\"><\/td><td class=\"column-3\"><\/td>\n<\/tr>\n<\/tbody>\n<\/table>\n<!-- #tablepress-5 from cache --><\/p><\/div>\n\t\t\t\t\t\t\t\t\t<div class=\"elementor-tab-title elementor-tab-mobile-title\" aria-selected=\"false\" data-tab=\"4\" role=\"tab\" tabindex=\"-1\" aria-controls=\"elementor-tab-content-1484\" aria-expanded=\"false\">Contact<\/div>\n\t\t\t\t\t<div id=\"elementor-tab-content-1484\" class=\"elementor-tab-content elementor-clearfix\" data-tab=\"4\" role=\"tabpanel\" aria-labelledby=\"elementor-tab-title-1484\" tabindex=\"0\" hidden=\"hidden\"><h1><span style=\"font-weight: normal;\"><span style=\"font-size: 14px;\">Vous pouvez nous contacter soit par messagerie, soit<span style=\"color: #000000;\"> par <\/span><\/span><span style=\"font-size: 14px;\">t\u00e9l\u00e9phone, soit par \u00e9crit<\/span><\/span><span style=\"font-size: 14px;\"><span style=\"font-weight: normal;\">.<\/span><br \/><\/span><span style=\"font-size: 14px;\"><span style=\"font-weight: normal;\"><span style=\"text-decoration: underline;\">Notre adresse<\/span> :<\/span><br \/><\/span><\/h1><h3><span style=\"font-size: 14px;\">Anthonioz-Curtet Marie-Pierre et Patrick<br \/><\/span><span style=\"font-size: 14px;\">278 TDM de Nant crue<br \/><\/span><span style=\"font-size: 14px;\">74110 Morzine<\/span><\/h3><h3><span style=\"font-weight: normal; font-size: 14px;\"><span style=\"text-decoration: underline;\">Tel Portable<\/span> :<\/span><span style=\"font-size: 14px;\"> 06.85.55.11.88<\/span><\/h3><h4><span style=\"font-size: 14px;\"><span style=\"text-decoration: underline;\"><span style=\"font-weight: normal;\">Tel fixe<\/span><\/span><span style=\"font-weight: normal;\"> :<\/span><\/span><span style=\"font-size: 14px;\"> 04.50.79.27.12<\/span><\/h4><h1><span style=\"font-weight: normal; font-size: 14px;\"><span style=\"text-decoration: underline;\">Mail<\/span>:<\/span><span style=\"font-size: 14px;\"> CURTETP@Wanadoo.fr<\/span><\/h1><\/div>\n\t\t\t\t\t\t\t<\/div>\n\t\t<\/div>\n\t\t\t\t<\/div>\n\t\t\t\t<\/div>\n\t\t\t\t\t\t<\/div>\n\t\t\t\t\t<\/div>\n\t\t<\/div>\n\t\t\t\t\t\t\t\t<\/div>\n\t\t\t\t\t<\/div>\n\t\t<\/section>\n\t\t\t\t\t\t\t\t\t<\/div>\n\t\t\t<\/div>\n\t\t\t\t\t<\/div>\n\t\t","protected":false},"excerpt":{"rendered":"<p>CHALET LES 4 SAISONS &#8211; APPARTEMENT N\u00b03 Non disponible actuellement LOCATION LES GETS : Appartement N\u00b0 3\u00a0 \u00a030 m2\u00a0 pour 3-4 personnes orientation Sud Est Il se trouve au 2e \u00e9tage et comprend : Une cuisine enti\u00e8rement \u00e9quip\u00e9e (lave-vaisselle, four, four \u00e0 micro-ondes, r\u00e9frig\u00e9rateur..) Une chambre avec une banquette BZ pour 2 personnes (NEUVE et [&hellip;]<\/p>\n","protected":false},"author":1,"featured_media":0,"parent":0,"menu_order":0,"comment_status":"closed","ping_status":"closed","template":"","meta":[],"_links":{"self":[{"href":"http:\/\/location-les-gets.fr\/index.php\/wp-json\/wp\/v2\/pages\/216"}],"collection":[{"href":"http:\/\/location-les-gets.fr\/index.php\/wp-json\/wp\/v2\/pages"}],"about":[{"href":"http:\/\/location-les-gets.fr\/index.php\/wp-json\/wp\/v2\/types\/page"}],"author":[{"embeddable":true,"href":"http:\/\/location-les-gets.fr\/index.php\/wp-json\/wp\/v2\/users\/1"}],"replies":[{"embeddable":true,"href":"http:\/\/location-les-gets.fr\/index.php\/wp-json\/wp\/v2\/comments?post=216"}],"version-history":[{"count":33,"href":"http:\/\/location-les-gets.fr\/index.php\/wp-json\/wp\/v2\/pages\/216\/revisions"}],"predecessor-version":[{"id":491,"href":"http:\/\/location-les-gets.fr\/index.php\/wp-json\/wp\/v2\/pages\/216\/revisions\/491"}],"wp:attachment":[{"href":"http:\/\/location-les-gets.fr\/index.php\/wp-json\/wp\/v2\/media?parent=216"}],"curies":[{"name":"wp","href":"https:\/\/api.w.org\/{rel}","templated":true}]}}